{"id":171,"date":"2024-02-21T01:10:36","date_gmt":"2024-02-21T01:10:36","guid":{"rendered":"https:\/\/cgforeigntrade.com.mx\/?page_id=171"},"modified":"2024-03-20T17:37:57","modified_gmt":"2024-03-20T17:37:57","slug":"nuestro-equipo","status":"publish","type":"page","link":"https:\/\/cgforeigntrade.com.mx\/en\/nuestro-equipo\/","title":{"rendered":"The Team"},"content":{"rendered":"<p>[et_pb_section fb_built=\u00bb1&#8243; admin_label=\u00bbHeader\u00bb _builder_version=\u00bb4.24.0&#8243; _module_preset=\u00bbdefault\u00bb background_color=\u00bb#FFFFFF\u00bb background_enable_image=\u00bboff\u00bb background_position=\u00bbcenter_left\u00bb custom_padding=\u00bb5vw||5vw||true|false\u00bb collapsed=\u00bbon\u00bb global_colors_info=\u00bb{}\u00bb][et_pb_row _builder_version=\u00bb4.24.1&#8243; _module_preset=\u00bbdefault\u00bb custom_margin=\u00bb-6px|auto||auto||\u00bb custom_padding=\u00bb12px|||||\u00bb global_colors_info=\u00bb{}\u00bb][et_pb_column type=\u00bb4_4&#8243; _builder_version=\u00bb4.20.0&#8243; _module_preset=\u00bbdefault\u00bb global_colors_info=\u00bb{}\u00bb][et_pb_text _builder_version=\u00bb4.24.1&#8243; _module_preset=\u00bbeb43a321-8ef1-4b52-a2da-db7944982b58&#8243; header_text_align=\u00bbcenter\u00bb header_text_color=\u00bbgcid-a716c958-2cc8-49c6-9785-545dbdd25554&#8243; custom_margin=\u00bb||10px||false|false\u00bb locked=\u00bboff\u00bb global_colors_info=\u00bb{%22gcid-a716c958-2cc8-49c6-9785-545dbdd25554%22:%91%22header_text_color%22%93}\u00bb]<\/p>\n<h1>NUESTRO EQUIPO<\/h1>\n<div id=\"gtx-trans\" style=\"position: absolute; left: 197px; top: 64.4375px;\">\n<div class=\"gtx-trans-icon\"><\/div>\n<\/div>\n<p>[\/et_pb_text][\/et_pb_column][\/et_pb_row][\/et_pb_section][et_pb_section fb_built=\u00bb1&#8243; module_id=\u00bbconsultoria\u00bb _builder_version=\u00bb4.24.1&#8243; _module_preset=\u00bbdefault\u00bb custom_padding=\u00bb30px||30px||false|false\u00bb top_divider_style=\u00bbasymmetric3&#8243; top_divider_color=\u00bbRGBA(255,255,255,0)\u00bb top_divider_height=\u00bb56px\u00bb global_colors_info=\u00bb{}\u00bb][et_pb_row column_structure=\u00bb1_4,3_4&#8243; _builder_version=\u00bb4.24.1&#8243; _module_preset=\u00bbdefault\u00bb global_colors_info=\u00bb{}\u00bb][et_pb_column type=\u00bb1_4&#8243; _builder_version=\u00bb4.24.1&#8243; _module_preset=\u00bbdefault\u00bb global_colors_info=\u00bb{}\u00bb][et_pb_image src=\u00bbhttps:\/\/cgforeigntrade.com.mx\/wp-content\/uploads\/2024\/02\/Sandra.jpeg\u00bb title_text=\u00bbSandra\u00bb align=\u00bbcenter\u00bb _builder_version=\u00bb4.24.1&#8243; _module_preset=\u00bbdefault\u00bb global_colors_info=\u00bb{}\u00bb][\/et_pb_image][et_pb_social_media_follow _builder_version=\u00bb4.24.2&#8243; _module_preset=\u00bbdefault\u00bb global_colors_info=\u00bb{}\u00bb][et_pb_social_media_follow_network social_network=\u00bblinkedin\u00bb url=\u00bbhttps:\/\/www.linkedin.com\/in\/sandra-castillo-garc%C3%ADa-430950158?utm_source=share&#038;utm_campaign=share_via&#038;utm_content=profile&#038;utm_medium=ios_app\u00bb _builder_version=\u00bb4.24.2&#8243; _module_preset=\u00bbdefault\u00bb background_color=\u00bb#007bb6&#8243; global_colors_info=\u00bb{}\u00bb follow_button=\u00bboff\u00bb url_new_window=\u00bbon\u00bb]linkedin[\/et_pb_social_media_follow_network][\/et_pb_social_media_follow][\/et_pb_column][et_pb_column type=\u00bb3_4&#8243; _builder_version=\u00bb4.24.1&#8243; _module_preset=\u00bbdefault\u00bb global_colors_info=\u00bb{}\u00bb][et_pb_text _builder_version=\u00bb4.24.1&#8243; _module_preset=\u00bbe9c214a5-44c7-4eaf-86c6-82eafc7d621f\u00bb header_2_text_align=\u00bbleft\u00bb header_2_text_color=\u00bbgcid-a716c958-2cc8-49c6-9785-545dbdd25554&#8243; text_orientation=\u00bbcenter\u00bb custom_margin=\u00bb||-3px|||\u00bb global_colors_info=\u00bb{%22gcid-a716c958-2cc8-49c6-9785-545dbdd25554%22:%91%22header_2_text_color%22%93}\u00bb]<\/p>\n<h2>Sandra Castillo Garc\u00eda<\/h2>\n<p>[\/et_pb_text][et_pb_text _builder_version=\u00bb4.24.1&#8243; _module_preset=\u00bbe9c214a5-44c7-4eaf-86c6-82eafc7d621f\u00bb header_2_font=\u00bbRed Hat Display|500|||||||\u00bb header_2_text_align=\u00bbleft\u00bb header_2_text_color=\u00bbgcid-8cdb4e16-0e89-4c38-b30b-9fe41127e3f5&#8243; header_2_font_size=\u00bb20px\u00bb text_orientation=\u00bbcenter\u00bb custom_margin=\u00bb||17px|||\u00bb global_colors_info=\u00bb{%22gcid-8cdb4e16-0e89-4c38-b30b-9fe41127e3f5%22:%91%22header_2_text_color%22%93}\u00bb]<\/p>\n<h2>CEO y Fundadora de CG FOREIGN TRADE ADVISORY &amp; OPERATIONS<\/h2>\n<p>[\/et_pb_text][et_pb_text _builder_version=\u00bb4.24.2&#8243; _module_preset=\u00bbe9c214a5-44c7-4eaf-86c6-82eafc7d621f\u00bb header_2_font=\u00bbRed Hat Display|500|||||||\u00bb header_2_text_align=\u00bbleft\u00bb header_2_text_color=\u00bbgcid-8cdb4e16-0e89-4c38-b30b-9fe41127e3f5&#8243; header_2_font_size=\u00bb20px\u00bb text_orientation=\u00bbcenter\u00bb custom_margin=\u00bb||17px|||\u00bb global_colors_info=\u00bb{%22gcid-8cdb4e16-0e89-4c38-b30b-9fe41127e3f5%22:%91%22header_2_text_color%22%93}\u00bb]<\/p>\n<h2>Perfil y Experiencia Profesional<\/h2>\n<p>[\/et_pb_text][et_pb_text _builder_version=\u00bb4.24.2&#8243; _module_preset=\u00bb59e37794-e59c-4dd2-bce6-7f0edfacd5f0&#8243; text_font=\u00bbRed Hat Display||||||||\u00bb text_text_color=\u00bb#595959&#8243; text_font_size=\u00bb19px\u00bb header_font=\u00bbRed Hat Display||||||||\u00bb header_3_font=\u00bbRed Hat Display||||||||\u00bb header_3_text_align=\u00bbjustify\u00bb header_3_text_color=\u00bb#595959&#8243; text_orientation=\u00bbjustified\u00bb width=\u00bb97.7%\u00bb custom_margin=\u00bb|||0px|false|false\u00bb custom_padding=\u00bb|1px||4px|false|false\u00bb hover_enabled=\u00bb0&#8243; locked=\u00bboff\u00bb global_colors_info=\u00bb{}\u00bb sticky_enabled=\u00bb0&#8243; text_letter_spacing_last_edited=\u00bbon|phone\u00bb text_letter_spacing_phone=\u00bb-1px\u00bb]<\/p>\n<p class=\"p1\"><span style=\"color: #99cc00;\">\u2022 <\/span><span class=\"s1\"><\/span>Maestra en Comercio Exterior y Licenciada en Relaciones Comerciales Internacionales. Con 24 a\u00f1os de experiencia en Comercio Internacional y Aduanas en diversos sectores, especialmente de la Industria Automotriz.<\/p>\n<p class=\"p1\"><span style=\"color: #99cc00;\">\u2022<\/span> Especialista en programas de Fomento al Comercio Exterior como IMMEX, Dep\u00f3sito Fiscal Automotriz, PROSEC. Despacho Aduanero, Tratados de libre Comercio, Reglas de Origen, Clasificaci\u00f3n Arancelaria, INCOTERMS, log\u00edstica, administraci\u00f3n de Agentes Aduanales, operaciones de Importaci\u00f3n y de exportaci\u00f3n.<\/p>\n<p class=\"p1\"><span style=\"color: #99cc00;\">\u2022<\/span> Su \u00e1rea de experiencia incluye consultor\u00eda en comercio internacional y procesos operativos en materia aduanera.<\/p>\n<p class=\"p1\"><span style=\"color: #99cc00;\">\u2022 <\/span>Ha tenido una fuerte participaci\u00f3n en proyectos de inversi\u00f3n extranjera, brindando servicios de estrategias y estructuras aduanales para nuevas inversiones, especialmente en la regi\u00f3n del Baj\u00edo en M\u00e9xico para clientes de diversos sectores y de la Industria Automotriz Terminal.<\/p>\n<p class=\"p1\"><span style=\"color: #99cc00;\">\u2022 <\/span>Coordinaci\u00f3n de proyectos de clientes de Jap\u00f3n, Norte Am\u00e9rica, Europa y Am\u00e9rica Latina.<\/p>\n<p class=\"p1\"><span style=\"color: #99cc00;\">\u2022 <\/span>Ha coordinado an\u00e1lisis de preferencias arancelarias con el fin de promover y hacer uso de los diferentes tratados comerciales internacionales que M\u00e9xico ha firmado; coordinaba la informaci\u00f3n y comunicaci\u00f3n con otros pa\u00edses de Jap\u00f3n, Norte Am\u00e9rica, Am\u00e9rica Latina.<\/p>\n<p class=\"p1\"><span style=\"color: #99cc00;\">\u2022 <\/span>Amplia experiencia en proyectos de Certificaci\u00f3n tales como Certificaci\u00f3n en Materia de IVA &amp; IEPS, Certificaci\u00f3n de Seguridad en la Cadena de Suministro como OEA y C-TPAT.<\/p>\n<p class=\"p1\"><span style=\"color: #99cc00;\">\u2022 <\/span>Atenci\u00f3n de Visitas Domiciliarias y Revisi\u00f3n de Gabinete por parte de las autoridades competentes. Respuesta a oficios de requerimientos.<\/p>\n<p class=\"p1\"><span style=\"color: #99cc00;\">\u2022 <\/span>Asesor\u00eda a clientes sobre la administraci\u00f3n y control de riesgos, enfocados en el cumplimiento normativo de las operaciones de importaci\u00f3n y exportaci\u00f3n (auditor\u00edas preventivas) para la minimizaci\u00f3n de riesgos operativos, cr\u00e9ditos fiscales, y procedimientos administrativos.<\/p>\n<p class=\"p1\"><span style=\"color: #99cc00;\">\u2022 <\/span>Su \u00e1rea de experiencia incluye el dise\u00f1o de planes y programas para licitaciones de Agentes Aduanales, evaluaci\u00f3n y calificaci\u00f3n de sus servicios, as\u00ed como contratos.<\/p>\n<p class=\"p1\"><span style=\"color: #99cc00;\">\u2022 <\/span>Participo en el equipo l\u00edder de la instalaci\u00f3n y lanzamiento de 2 grandes plantas automotrices en M\u00e9xico, la primera de inversi\u00f3n japonesa y la segunda de inversi\u00f3n estadounidense.<\/p>\n<p class=\"p1\"><span style=\"color: #99cc00;\">\u2022 <\/span>Destacada experiencia en proyectos brindando servicios de estrategias y estructuras aduanales para nuevas inversiones en M\u00e9xico para clientes de diferentes sectores y la coordinaci\u00f3n de proyectos de clientes de Norte Am\u00e9rica, Europa y Am\u00e9rica Latina.<\/p>\n<p>[\/et_pb_text][et_pb_text _builder_version=\u00bb4.24.1&#8243; _module_preset=\u00bbe9c214a5-44c7-4eaf-86c6-82eafc7d621f\u00bb header_2_font=\u00bbRed Hat Display|500|||||||\u00bb header_2_text_align=\u00bbleft\u00bb header_2_text_color=\u00bbgcid-8cdb4e16-0e89-4c38-b30b-9fe41127e3f5&#8243; header_2_font_size=\u00bb20px\u00bb text_orientation=\u00bbcenter\u00bb custom_margin=\u00bb||17px|||\u00bb global_colors_info=\u00bb{%22gcid-8cdb4e16-0e89-4c38-b30b-9fe41127e3f5%22:%91%22header_2_text_color%22%93}\u00bb]<\/p>\n<h2>Conferencista y Otros<\/h2>\n<p>[\/et_pb_text][et_pb_text _builder_version=\u00bb4.24.2&#8243; _module_preset=\u00bb59e37794-e59c-4dd2-bce6-7f0edfacd5f0&#8243; text_font=\u00bbRed Hat Display||||||||\u00bb text_text_color=\u00bb#595959&#8243; text_font_size=\u00bb19px\u00bb header_font=\u00bbRed Hat Display||||||||\u00bb header_3_font=\u00bbRed Hat Display||||||||\u00bb header_3_text_align=\u00bbjustify\u00bb header_3_text_color=\u00bb#595959&#8243; text_orientation=\u00bbjustified\u00bb width=\u00bb97.7%\u00bb custom_margin=\u00bb|||0px|false|false\u00bb custom_padding=\u00bb|1px||4px|false|false\u00bb hover_enabled=\u00bb0&#8243; locked=\u00bboff\u00bb global_colors_info=\u00bb{}\u00bb text_letter_spacing_last_edited=\u00bbon|phone\u00bb text_letter_spacing_phone=\u00bb-1px\u00bb sticky_enabled=\u00bb0&#8243;]<\/p>\n<p class=\"p1\"><span style=\"color: #99cc00;\">\u2022 <\/span>Integrante de la comisi\u00f3n de comercio exterior en COPARMEX Quer\u00e9taro.<\/p>\n<p class=\"p1\"><span style=\"color: #99cc00;\">\u2022<\/span> Expositora en foros profesionales y empresariales.<\/p>\n<p class=\"p1\"><span style=\"color: #99cc00;\">\u2022<\/span> Ha sido profesora de la asignatura de Geopol\u00edtica en la Licenciatura de Negocios Internacionales y Comercio Exterior en la Escuela Bancaria Comercial, as\u00ed como profesora en la asignatura Procesos de Log\u00edstica y Diplomado en Log\u00edstica.<\/p>\n<p class=\"p1\"><span style=\"color: #99cc00;\">\u2022 <\/span>Socia activa en diversas C\u00e1maras como la C\u00e1mara de Comercio e Industria Franco Mexicana, Cap\u00edtulo Baj\u00edo.<\/p>\n<p>[\/et_pb_text][\/et_pb_column][\/et_pb_row][et_pb_row column_structure=\u00bb1_4,3_4&#8243; _builder_version=\u00bb4.24.1&#8243; _module_preset=\u00bbdefault\u00bb global_colors_info=\u00bb{}\u00bb][et_pb_column type=\u00bb1_4&#8243; _builder_version=\u00bb4.24.1&#8243; _module_preset=\u00bbdefault\u00bb global_colors_info=\u00bb{}\u00bb][et_pb_image src=\u00bbhttps:\/\/cgforeigntrade.com.mx\/wp-content\/uploads\/2024\/03\/Foto-Aylin-1.jpg\u00bb title_text=\u00bbFoto Ayli\u0301n (1)\u00bb align=\u00bbcenter\u00bb _builder_version=\u00bb4.24.2&#8243; _module_preset=\u00bbdefault\u00bb global_colors_info=\u00bb{}\u00bb][\/et_pb_image][et_pb_social_media_follow _builder_version=\u00bb4.24.2&#8243; _module_preset=\u00bbdefault\u00bb global_colors_info=\u00bb{}\u00bb][et_pb_social_media_follow_network social_network=\u00bblinkedin\u00bb url=\u00bbhttps:\/\/www.linkedin.com\/in\/aylin-sanchez?utm_source=share&#038;utm_campaign=share_via&#038;utm_content=profile&#038;utm_medium=android_app\u00bb _builder_version=\u00bb4.24.2&#8243; _module_preset=\u00bbdefault\u00bb background_color=\u00bb#007bb6&#8243; global_colors_info=\u00bb{}\u00bb follow_button=\u00bboff\u00bb url_new_window=\u00bbon\u00bb]linkedin[\/et_pb_social_media_follow_network][\/et_pb_social_media_follow][\/et_pb_column][et_pb_column type=\u00bb3_4&#8243; _builder_version=\u00bb4.24.1&#8243; _module_preset=\u00bbdefault\u00bb global_colors_info=\u00bb{}\u00bb][et_pb_text _builder_version=\u00bb4.24.1&#8243; _module_preset=\u00bbe9c214a5-44c7-4eaf-86c6-82eafc7d621f\u00bb header_2_text_align=\u00bbleft\u00bb header_2_text_color=\u00bbgcid-a716c958-2cc8-49c6-9785-545dbdd25554&#8243; text_orientation=\u00bbcenter\u00bb custom_margin=\u00bb||-3px|||\u00bb global_colors_info=\u00bb{%22gcid-a716c958-2cc8-49c6-9785-545dbdd25554%22:%91%22header_2_text_color%22%93}\u00bb]<\/p>\n<h2>Ayl\u00edn Karina S\u00e1nchez Rivera<\/h2>\n<p>[\/et_pb_text][et_pb_text _builder_version=\u00bb4.24.1&#8243; _module_preset=\u00bbe9c214a5-44c7-4eaf-86c6-82eafc7d621f\u00bb header_2_font=\u00bbRed Hat Display|500|||||||\u00bb header_2_text_align=\u00bbleft\u00bb header_2_text_color=\u00bbgcid-8cdb4e16-0e89-4c38-b30b-9fe41127e3f5&#8243; header_2_font_size=\u00bb20px\u00bb text_orientation=\u00bbcenter\u00bb custom_margin=\u00bb||17px|||\u00bb global_colors_info=\u00bb{%22gcid-8cdb4e16-0e89-4c38-b30b-9fe41127e3f5%22:%91%22header_2_text_color%22%93}\u00bb]<\/p>\n<h2>L\u00edder Especialista en Consultor\u00eda en Comercio Exterior y Aduanas<\/h2>\n<p>[\/et_pb_text][et_pb_text _builder_version=\u00bb4.24.2&#8243; _module_preset=\u00bbe9c214a5-44c7-4eaf-86c6-82eafc7d621f\u00bb header_2_font=\u00bbRed Hat Display|500|||||||\u00bb header_2_text_align=\u00bbleft\u00bb header_2_text_color=\u00bbgcid-8cdb4e16-0e89-4c38-b30b-9fe41127e3f5&#8243; header_2_font_size=\u00bb20px\u00bb text_orientation=\u00bbcenter\u00bb custom_margin=\u00bb||17px|||\u00bb global_colors_info=\u00bb{%22gcid-8cdb4e16-0e89-4c38-b30b-9fe41127e3f5%22:%91%22header_2_text_color%22%93}\u00bb]<\/p>\n<h2>Perfil y Experiencia Profesional<\/h2>\n<p>[\/et_pb_text][et_pb_text _builder_version=\u00bb4.24.2&#8243; _module_preset=\u00bb59e37794-e59c-4dd2-bce6-7f0edfacd5f0&#8243; text_font=\u00bbRed Hat Display||||||||\u00bb text_text_color=\u00bb#595959&#8243; text_font_size=\u00bb19px\u00bb header_font=\u00bbRed Hat Display||||||||\u00bb header_3_font=\u00bbRed Hat Display||||||||\u00bb header_3_text_align=\u00bbjustify\u00bb header_3_text_color=\u00bb#595959&#8243; text_orientation=\u00bbjustified\u00bb width=\u00bb97.7%\u00bb custom_margin=\u00bb|||0px|false|false\u00bb custom_padding=\u00bb|1px||4px|false|false\u00bb hover_enabled=\u00bb0&#8243; locked=\u00bboff\u00bb global_colors_info=\u00bb{}\u00bb text_letter_spacing_last_edited=\u00bbon|phone\u00bb text_letter_spacing_phone=\u00bb-1px\u00bb sticky_enabled=\u00bb0&#8243;]<\/p>\n<p class=\"p1\"><span style=\"color: #99cc00;\">\u2022 <\/span>Ayl\u00edn S\u00e1nchez ha consolidado su experiencia y se ha posicionado en nuestro equipo en los \u00faltimos a\u00f1os apoyando a nuestros clientes de sectores de la industria automotriz y autopartes, manufacturera.<\/p>\n<p class=\"p1\"><span style=\"color: #99cc00;\">\u2022<\/span> Su experiencia incluye apoyo a los diferentes clientes en sus procesos operativos para empresas manufactureras, maquiladoras, de servicios y comercializadoras en materia de comercio exterior y aduanas.<\/p>\n<p class=\"p1\"><span style=\"color: #99cc00;\">\u2022<\/span> Cuenta con experiencia en el desarrollo de calificaciones de origen para aplicar preferencias arancelarias a trav\u00e9s de Certificados de Origen de conformidad con los Tratados de Comercio Exterior Internacional que M\u00e9xico ha suscrito.<\/p>\n<p class=\"p1\"><span style=\"color: #99cc00;\">\u2022 <\/span>Su experiencia incluye el desarrollo y coordinaci\u00f3n de actividades para la obtenci\u00f3n de Certificaci\u00f3n en materia de IVA &amp; IEPS, renovaciones y seguimiento de cumplimiento.<\/p>\n<p class=\"p1\"><span style=\"color: #99cc00;\">\u2022 <\/span>Entre sus funciones se incluyen la asesor\u00eda a clientes en operaciones de importaci\u00f3n y exportaci\u00f3n, as\u00ed como la gesti\u00f3n de tr\u00e1mites enfocados al comercio internacional y aduanas.<\/p>\n<p class=\"p1\"><span style=\"color: #99cc00;\">\u2022 <\/span>Ha participado en proyectos de obtenci\u00f3n y renovaci\u00f3n de certificaciones OEA y CTPAT para empresas.<\/p>\n<p class=\"p1\"><span style=\"color: #99cc00;\">\u2022 <\/span>Entre sus funciones se tiene el desarrollo y gestor\u00eda de servicios relacionados con los Programas IMMEX y PROSEC, Reglas 8vas.<\/p>\n<p class=\"p1\"><span style=\"color: #99cc00;\">\u2022 <\/span>Ha participado en proyectos de auditor\u00edas preventivas y revisiones por parte de la autoridad en materia de comercio exterior.<\/p>\n<p>[\/et_pb_text][\/et_pb_column][\/et_pb_row][\/et_pb_section]<\/p>\n","protected":false},"excerpt":{"rendered":"<p>NUESTRO EQUIPO Sandra Castillo Garc\u00edaCEO y Fundadora de CG FOREIGN TRADE ADVISORY &amp; OPERATIONSPerfil y Experiencia Profesional\u2022 Maestra en Comercio Exterior y Licenciada en Relaciones Comerciales Internacionales. Con 24 a\u00f1os de experiencia en Comercio Internacional y Aduanas en diversos sectores, especialmente de la Industria Automotriz. \u2022 Especialista en programas de Fomento al Comercio Exterior como [&hellip;]<\/p>\n","protected":false},"author":2,"featured_media":0,"parent":0,"menu_order":0,"comment_status":"closed","ping_status":"closed","template":"","meta":{"_et_pb_use_builder":"on","_et_pb_old_content":"","_et_gb_content_width":"","_joinchat":[],"footnotes":""},"class_list":["post-171","page","type-page","status-publish","hentry"],"yoast_head":"<!-- This site is optimized with the Yoast SEO plugin v27.4 - https:\/\/yoast.com\/product\/yoast-seo-wordpress\/ -->\n<title>Nuestro equipo - Sitio Web CG Foreign Trade<\/title>\n<meta name=\"robots\" content=\"index, follow, max-snippet:-1, max-image-preview:large, max-video-preview:-1\" \/>\n<link rel=\"canonical\" href=\"https:\/\/cgforeigntrade.com.mx\/en\/nuestro-equipo\/\" \/>\n<meta property=\"og:locale\" content=\"en_US\" \/>\n<meta property=\"og:type\" content=\"article\" \/>\n<meta property=\"og:title\" content=\"Nuestro equipo - Sitio Web CG Foreign Trade\" \/>\n<meta property=\"og:description\" content=\"NUESTRO EQUIPO Sandra Castillo Garc\u00edaCEO y Fundadora de CG FOREIGN TRADE ADVISORY &amp; OPERATIONSPerfil y Experiencia Profesional\u2022 Maestra en Comercio Exterior y Licenciada en Relaciones Comerciales Internacionales. Con 24 a\u00f1os de experiencia en Comercio Internacional y Aduanas en diversos sectores, especialmente de la Industria Automotriz. \u2022 Especialista en programas de Fomento al Comercio Exterior como [&hellip;]\" \/>\n<meta property=\"og:url\" content=\"https:\/\/cgforeigntrade.com.mx\/en\/nuestro-equipo\/\" \/>\n<meta property=\"og:site_name\" content=\"Sitio Web CG Foreign Trade\" \/>\n<meta property=\"article:modified_time\" content=\"2024-03-20T17:37:57+00:00\" \/>\n<meta name=\"twitter:card\" content=\"summary_large_image\" \/>\n<script type=\"application\/ld+json\" class=\"yoast-schema-graph\">{\"@context\":\"https:\\\/\\\/schema.org\",\"@graph\":[{\"@type\":\"WebPage\",\"@id\":\"https:\\\/\\\/cgforeigntrade.com.mx\\\/nuestro-equipo\\\/\",\"url\":\"https:\\\/\\\/cgforeigntrade.com.mx\\\/nuestro-equipo\\\/\",\"name\":\"Nuestro equipo - Sitio Web CG Foreign Trade\",\"isPartOf\":{\"@id\":\"https:\\\/\\\/cgforeigntrade.com.mx\\\/#website\"},\"datePublished\":\"2024-02-21T01:10:36+00:00\",\"dateModified\":\"2024-03-20T17:37:57+00:00\",\"breadcrumb\":{\"@id\":\"https:\\\/\\\/cgforeigntrade.com.mx\\\/nuestro-equipo\\\/#breadcrumb\"},\"inLanguage\":\"en-US\",\"potentialAction\":[{\"@type\":\"ReadAction\",\"target\":[\"https:\\\/\\\/cgforeigntrade.com.mx\\\/nuestro-equipo\\\/\"]}]},{\"@type\":\"BreadcrumbList\",\"@id\":\"https:\\\/\\\/cgforeigntrade.com.mx\\\/nuestro-equipo\\\/#breadcrumb\",\"itemListElement\":[{\"@type\":\"ListItem\",\"position\":1,\"name\":\"Home\",\"item\":\"https:\\\/\\\/cgforeigntrade.com.mx\\\/\"},{\"@type\":\"ListItem\",\"position\":2,\"name\":\"Nuestro equipo\"}]},{\"@type\":\"WebSite\",\"@id\":\"https:\\\/\\\/cgforeigntrade.com.mx\\\/#website\",\"url\":\"https:\\\/\\\/cgforeigntrade.com.mx\\\/\",\"name\":\"Sitio Web CG Foreign Trade\",\"description\":\"Just another WordPress site\",\"potentialAction\":[{\"@type\":\"SearchAction\",\"target\":{\"@type\":\"EntryPoint\",\"urlTemplate\":\"https:\\\/\\\/cgforeigntrade.com.mx\\\/?s={search_term_string}\"},\"query-input\":{\"@type\":\"PropertyValueSpecification\",\"valueRequired\":true,\"valueName\":\"search_term_string\"}}],\"inLanguage\":\"en-US\"}]}<\/script>\n<!-- \/ Yoast SEO plugin. -->","yoast_head_json":{"title":"Nuestro equipo - Sitio Web CG Foreign Trade","robots":{"index":"index","follow":"follow","max-snippet":"max-snippet:-1","max-image-preview":"max-image-preview:large","max-video-preview":"max-video-preview:-1"},"canonical":"https:\/\/cgforeigntrade.com.mx\/en\/nuestro-equipo\/","og_locale":"en_US","og_type":"article","og_title":"Nuestro equipo - Sitio Web CG Foreign Trade","og_description":"NUESTRO EQUIPO Sandra Castillo Garc\u00edaCEO y Fundadora de CG FOREIGN TRADE ADVISORY &amp; OPERATIONSPerfil y Experiencia Profesional\u2022 Maestra en Comercio Exterior y Licenciada en Relaciones Comerciales Internacionales. Con 24 a\u00f1os de experiencia en Comercio Internacional y Aduanas en diversos sectores, especialmente de la Industria Automotriz. \u2022 Especialista en programas de Fomento al Comercio Exterior como [&hellip;]","og_url":"https:\/\/cgforeigntrade.com.mx\/en\/nuestro-equipo\/","og_site_name":"Sitio Web CG Foreign Trade","article_modified_time":"2024-03-20T17:37:57+00:00","twitter_card":"summary_large_image","schema":{"@context":"https:\/\/schema.org","@graph":[{"@type":"WebPage","@id":"https:\/\/cgforeigntrade.com.mx\/nuestro-equipo\/","url":"https:\/\/cgforeigntrade.com.mx\/nuestro-equipo\/","name":"Nuestro equipo - Sitio Web CG Foreign Trade","isPartOf":{"@id":"https:\/\/cgforeigntrade.com.mx\/#website"},"datePublished":"2024-02-21T01:10:36+00:00","dateModified":"2024-03-20T17:37:57+00:00","breadcrumb":{"@id":"https:\/\/cgforeigntrade.com.mx\/nuestro-equipo\/#breadcrumb"},"inLanguage":"en-US","potentialAction":[{"@type":"ReadAction","target":["https:\/\/cgforeigntrade.com.mx\/nuestro-equipo\/"]}]},{"@type":"BreadcrumbList","@id":"https:\/\/cgforeigntrade.com.mx\/nuestro-equipo\/#breadcrumb","itemListElement":[{"@type":"ListItem","position":1,"name":"Home","item":"https:\/\/cgforeigntrade.com.mx\/"},{"@type":"ListItem","position":2,"name":"Nuestro equipo"}]},{"@type":"WebSite","@id":"https:\/\/cgforeigntrade.com.mx\/#website","url":"https:\/\/cgforeigntrade.com.mx\/","name":"Sitio Web CG Foreign Trade","description":"Just another WordPress site","potentialAction":[{"@type":"SearchAction","target":{"@type":"EntryPoint","urlTemplate":"https:\/\/cgforeigntrade.com.mx\/?s={search_term_string}"},"query-input":{"@type":"PropertyValueSpecification","valueRequired":true,"valueName":"search_term_string"}}],"inLanguage":"en-US"}]}},"_links":{"self":[{"href":"https:\/\/cgforeigntrade.com.mx\/en\/wp-json\/wp\/v2\/pages\/171","targetHints":{"allow":["GET"]}}],"collection":[{"href":"https:\/\/cgforeigntrade.com.mx\/en\/wp-json\/wp\/v2\/pages"}],"about":[{"href":"https:\/\/cgforeigntrade.com.mx\/en\/wp-json\/wp\/v2\/types\/page"}],"author":[{"embeddable":true,"href":"https:\/\/cgforeigntrade.com.mx\/en\/wp-json\/wp\/v2\/users\/2"}],"replies":[{"embeddable":true,"href":"https:\/\/cgforeigntrade.com.mx\/en\/wp-json\/wp\/v2\/comments?post=171"}],"version-history":[{"count":11,"href":"https:\/\/cgforeigntrade.com.mx\/en\/wp-json\/wp\/v2\/pages\/171\/revisions"}],"predecessor-version":[{"id":303,"href":"https:\/\/cgforeigntrade.com.mx\/en\/wp-json\/wp\/v2\/pages\/171\/revisions\/303"}],"wp:attachment":[{"href":"https:\/\/cgforeigntrade.com.mx\/en\/wp-json\/wp\/v2\/media?parent=171"}],"curies":[{"name":"wp","href":"https:\/\/api.w.org\/{rel}","templated":true}]}}